{"id":1284,"date":"2023-05-23T15:21:19","date_gmt":"2023-05-23T15:21:19","guid":{"rendered":"https:\/\/www.fgd-umoa.org\/call-for-applications\/call-for-tenders\/"},"modified":"2023-05-29T22:43:42","modified_gmt":"2023-05-29T22:43:42","slug":"call-for-tenders","status":"publish","type":"page","link":"https:\/\/www.fgd-umoa.org\/en\/call-for-applications\/call-for-tenders\/","title":{"rendered":"Call for tenders"},"content":{"rendered":"\t\t<div data-elementor-type=\"wp-page\" data-elementor-id=\"1284\" class=\"elementor elementor-1284 elementor-441\">\n\t\t\t\t\t\t<section class=\"elementor-section elementor-top-section elementor-element elementor-element-f01bdb0 elementor-section-boxed elementor-section-height-default elementor-section-height-default\" data-id=\"f01bdb0\" data-element_type=\"section\" data-e-type=\"section\">\n\t\t\t\t\t\t<div class=\"elementor-container elementor-column-gap-default\">\n\t\t\t\t\t<div class=\"elementor-column elementor-col-100 elementor-top-column elementor-element elementor-element-08e29e0\" data-id=\"08e29e0\" data-element_type=\"column\" data-e-type=\"column\">\n\t\t\t<div class=\"elementor-widget-wrap elementor-element-populated\">\n\t\t\t\t\t\t<div class=\"elementor-element elementor-element-22de41b elementor-widget elementor-widget-elementskit-tablepress\" data-id=\"22de41b\" data-element_type=\"widget\" data-e-type=\"widget\" data-widget_type=\"elementskit-tablepress.default\">\n\t\t\t\t<div class=\"elementor-widget-container\">\n\t\t\t\t\t<div class=\"elemenetskit-tablepress ekit-wid-con\" id=\"ekit_tablepress_22de41b\">\n<table id=\"tablepress-4\" class=\"tablepress tablepress-id-4\">\n<thead>\n<tr class=\"row-1\">\n\t<th class=\"column-1\">Intitul\u00e9 de l\u2019appel d\u2019offres<\/th><th class=\"column-2\">Description du march\u00e9 <\/th><th class=\"column-3\">Date limite de d\u00e9p\u00f4ts du dossier<\/th><th class=\"column-4\">Document \u00e0 t\u00e9l\u00e9charger<\/th>\n<\/tr>\n<\/thead>\n<tbody class=\"row-striping row-hover\">\n<\/tbody>\n<\/table>\n<\/div>\t\t\t\t<\/div>\n\t\t\t\t<\/div>\n\t\t\t\t<div class=\"elementor-element elementor-element-0059fcf elementor-widget elementor-widget-spacer\" data-id=\"0059fcf\" data-element_type=\"widget\" data-e-type=\"widget\" data-widget_type=\"spacer.default\">\n\t\t\t\t<div class=\"elementor-widget-container\">\n\t\t\t\t\t\t\t<div class=\"elementor-spacer\">\n\t\t\t<div class=\"elementor-spacer-inner\"><\/div>\n\t\t<\/div>\n\t\t\t\t\t\t<\/div>\n\t\t\t\t<\/div>\n\t\t\t\t\t<\/div>\n\t\t<\/div>\n\t\t\t\t\t<\/div>\n\t\t<\/section>\n\t\t\t\t<\/div>\n\t\t","protected":false},"excerpt":{"rendered":"<p>Modifier Intitul\u00e9 de l\u2019appel d\u2019offres Description du march\u00e9 Date limite de d\u00e9p\u00f4ts du dossier Document \u00e0 t\u00e9l\u00e9charger<\/p>\n","protected":false},"author":1,"featured_media":0,"parent":1280,"menu_order":1,"comment_status":"closed","ping_status":"closed","template":"","meta":{"_acf_changed":false,"footnotes":""},"class_list":["post-1284","page","type-page","status-publish","hentry"],"acf":[],"aioseo_notices":[],"_links":{"self":[{"href":"https:\/\/www.fgd-umoa.org\/en\/wp-json\/wp\/v2\/pages\/1284","targetHints":{"allow":["GET"]}}],"collection":[{"href":"https:\/\/www.fgd-umoa.org\/en\/wp-json\/wp\/v2\/pages"}],"about":[{"href":"https:\/\/www.fgd-umoa.org\/en\/wp-json\/wp\/v2\/types\/page"}],"author":[{"embeddable":true,"href":"https:\/\/www.fgd-umoa.org\/en\/wp-json\/wp\/v2\/users\/1"}],"replies":[{"embeddable":true,"href":"https:\/\/www.fgd-umoa.org\/en\/wp-json\/wp\/v2\/comments?post=1284"}],"version-history":[{"count":3,"href":"https:\/\/www.fgd-umoa.org\/en\/wp-json\/wp\/v2\/pages\/1284\/revisions"}],"predecessor-version":[{"id":1421,"href":"https:\/\/www.fgd-umoa.org\/en\/wp-json\/wp\/v2\/pages\/1284\/revisions\/1421"}],"up":[{"embeddable":true,"href":"https:\/\/www.fgd-umoa.org\/en\/wp-json\/wp\/v2\/pages\/1280"}],"wp:attachment":[{"href":"https:\/\/www.fgd-umoa.org\/en\/wp-json\/wp\/v2\/media?parent=1284"}],"curies":[{"name":"wp","href":"https:\/\/api.w.org\/{rel}","templated":true}]}}